{"id":39,"date":"2020-06-27T16:00:28","date_gmt":"2020-06-27T14:00:28","guid":{"rendered":"http:\/\/www.celfers.de\/?page_id=39"},"modified":"2024-05-04T12:00:30","modified_gmt":"2024-05-04T10:00:30","slug":"carsten-elfers","status":"publish","type":"page","link":"https:\/\/www.celfers.de\/index.php\/carsten-elfers\/","title":{"rendered":"CARSTEN ELFERS"},"content":{"rendered":"\n<figure class=\"wp-block-image size-large is-style-rounded\"><img fetchpriority=\"high\" decoding=\"async\" width=\"524\" height=\"497\" src=\"https:\/\/www.celfers.de\/wp-content\/uploads\/2020\/06\/foto3.jpg\" alt=\"Dr. Carsten Elfers\" class=\"wp-image-22\" srcset=\"https:\/\/www.celfers.de\/wp-content\/uploads\/2020\/06\/foto3.jpg 524w, https:\/\/www.celfers.de\/wp-content\/uploads\/2020\/06\/foto3-300x285.jpg 300w\" sizes=\"(max-width: 524px) 100vw, 524px\" \/><figcaption class=\"wp-element-caption\">Dr. Carsten Elfers<\/figcaption><\/figure>\n\n\n\n<p>Mein Name ist Carsten Elfers. Ich wurde 1982 in Nordrhein-Westfalen geboren und bin f\u00fcr das Studium der Informatik nach Bremen gezogen. Bis heute genie\u00dfe ich das gemeinsame Leben mit meiner wunderbaren Frau und meinen beiden gro\u00dfartigen Kindern im sch\u00f6nen Bremer Borgfeld.<\/p>\n\n\n\n<h2 class=\"wp-block-heading\" id=\"was-mache-ich-eigentlich-beruflich\">Was mache ich eigentlich beruflich?<\/h2>\n\n\n\n<p>Ich bin leidenschaftlicher Softwareentwickler und habe daher auch mein <a rel=\"noreferrer noopener\" href=\"https:\/\/www.yumpu.com\/s\/mCuGkL8h9AtGuIu6\" target=\"_blank\">Diplom<\/a> im Fachbereich Informatik gemacht und anschlie\u00dfend im Themengebiet K\u00fcnstliche Intelligenz und Maschinelles Lernen <a rel=\"noreferrer noopener\" href=\"https:\/\/www.amazon.de\/Correlation-Conditional-Exponential-Detection-Informatik\/dp\/3844031685\/ref=sr_1_3?__mk_de_DE=%C3%85M%C3%85%C5%BD%C3%95%C3%91&amp;dchild=1&amp;keywords=carsten+elfers&amp;qid=1593265996&amp;sr=8-3\" target=\"_blank\">promoviert<\/a>. Falls du dich daf\u00fcr interessierst, kannst du einige meiner Ver\u00f6ffentlichungen bei <a rel=\"noreferrer noopener\" href=\"https:\/\/dblp.uni-trier.de\/pers\/hd\/e\/Elfers:Carsten\" target=\"_blank\">dblp<\/a> finden. Ich bin immer wieder froh dar\u00fcber, den Berufsweg des Softwareentwicklers eingeschlagen zu haben. Es gibt wohl nur wenige Berufszweige, bei denen man eine so vielf\u00e4ltige M\u00f6glichkeit hat, sich st\u00e4ndig weiter zu entwickeln, neue Dinge zu lernen, auszuprobieren und spannende Herausforderungen zu meistern. Dar\u00fcber hinaus habe ich aber noch eine Vielzahl von weiteren Interessen.<\/p>\n\n\n\n<h2 class=\"wp-block-heading\" id=\"warum-gibt-es-diesen-blog\">Warum gibt es diesen Blog?<\/h2>\n\n\n\n<p>Ich denke, dieser Blog ist das ideale Medium, um meine Interessen und Erfahrungen einem Publikum zug\u00e4nglich zu machen, damit dieses davon profitieren kann. Zudem hilft es mir, meine Erfahrungen nieder zu schreiben, um sie noch einmal zu reflektieren, Feedback zu bekommen und sie zu verinnerlichen. Wenn man anderen helfen kann, sich selbst auch noch daf\u00fcr interessiert und sich weiter entwickeln kann, warum sollte man es nicht tun? Hoffentlich werden meine Beitr\u00e4ge dir gefallen, dir nutzen und dir auch Spa\u00df machen. Ich w\u00fcrde mich freuen, wenn du mir dazu Feedback geben w\u00fcrdest. Vielleicht hast du ja auch selbst spannende Themen, die man hier mal vorstellen k\u00f6nnte. Meld dich doch einfach mal bei mir. Am einfachsten erreichst du mich \u00fcber Facebook. <\/p>\n\n\n\n<p>Viel Spa\u00df beim st\u00f6bern,<\/p>\n\n\n\n<div class=\"wp-block-group\"><div class=\"wp-block-group__inner-container is-layout-flow wp-block-group-is-layout-flow\"><div class=\"wp-block-image\">\n<figure class=\"alignleft size-large\"><img decoding=\"async\" width=\"120\" height=\"31\" src=\"https:\/\/www.celfers.de\/wp-content\/uploads\/2020\/07\/vorname-3.png\" alt=\"Carsten Elfers\" class=\"wp-image-370\"\/><\/figure>\n<\/div><\/div><\/div>\n","protected":false},"excerpt":{"rendered":"<p>Mein Name ist Carsten Elfers. Ich wurde 1982 in Nordrhein-Westfalen geboren und bin f\u00fcr das Studium der Informatik nach Bremen gezogen. Bis heute genie\u00dfe ich das gemeinsame Leben mit meiner wunderbaren Frau und meinen beiden gro\u00dfartigen Kindern im sch\u00f6nen Bremer Borgfeld. Was mache ich eigentlich beruflich? Ich bin leidenschaftlicher Softwareentwickler und habe daher auch mein [&hellip;]<\/p>\n","protected":false},"author":1,"featured_media":22,"parent":0,"menu_order":0,"comment_status":"closed","ping_status":"closed","template":"","meta":{"ocean_post_layout":"","ocean_both_sidebars_style":"","ocean_both_sidebars_content_width":0,"ocean_both_sidebars_sidebars_width":0,"ocean_sidebar":"0","ocean_second_sidebar":"0","ocean_disable_margins":"enable","ocean_add_body_class":"","ocean_shortcode_before_top_bar":"","ocean_shortcode_after_top_bar":"","ocean_shortcode_before_header":"","ocean_shortcode_after_header":"","ocean_has_shortcode":"","ocean_shortcode_after_title":"","ocean_shortcode_before_footer_widgets":"","ocean_shortcode_after_footer_widgets":"","ocean_shortcode_before_footer_bottom":"","ocean_shortcode_after_footer_bottom":"","ocean_display_top_bar":"default","ocean_display_header":"default","ocean_header_style":"","ocean_center_header_left_menu":"0","ocean_custom_header_template":"0","ocean_custom_logo":0,"ocean_custom_retina_logo":0,"ocean_custom_logo_max_width":0,"ocean_custom_logo_tablet_max_width":0,"ocean_custom_logo_mobile_max_width":0,"ocean_custom_logo_max_height":0,"ocean_custom_logo_tablet_max_height":0,"ocean_custom_logo_mobile_max_height":0,"ocean_header_custom_menu":"0","ocean_menu_typo_font_family":"0","ocean_menu_typo_font_subset":"","ocean_menu_typo_font_size":0,"ocean_menu_typo_font_size_tablet":0,"ocean_menu_typo_font_size_mobile":0,"ocean_menu_typo_font_size_unit":"px","ocean_menu_typo_font_weight":"","ocean_menu_typo_font_weight_tablet":"","ocean_menu_typo_font_weight_mobile":"","ocean_menu_typo_transform":"","ocean_menu_typo_transform_tablet":"","ocean_menu_typo_transform_mobile":"","ocean_menu_typo_line_height":0,"ocean_menu_typo_line_height_tablet":0,"ocean_menu_typo_line_height_mobile":0,"ocean_menu_typo_line_height_unit":"","ocean_menu_typo_spacing":0,"ocean_menu_typo_spacing_tablet":0,"ocean_menu_typo_spacing_mobile":0,"ocean_menu_typo_spacing_unit":"","ocean_menu_link_color":"","ocean_menu_link_color_hover":"","ocean_menu_link_color_active":"","ocean_menu_link_background":"","ocean_menu_link_hover_background":"","ocean_menu_link_active_background":"","ocean_menu_social_links_bg":"","ocean_menu_social_hover_links_bg":"","ocean_menu_social_links_color":"","ocean_menu_social_hover_links_color":"","ocean_disable_title":"default","ocean_disable_heading":"default","ocean_post_title":"","ocean_post_subheading":"","ocean_post_title_style":"","ocean_post_title_background_color":"","ocean_post_title_background":0,"ocean_post_title_bg_image_position":"","ocean_post_title_bg_image_attachment":"","ocean_post_title_bg_image_repeat":"","ocean_post_title_bg_image_size":"","ocean_post_title_height":0,"ocean_post_title_bg_overlay":0.5,"ocean_post_title_bg_overlay_color":"","ocean_disable_breadcrumbs":"default","ocean_breadcrumbs_color":"","ocean_breadcrumbs_separator_color":"","ocean_breadcrumbs_links_color":"","ocean_breadcrumbs_links_hover_color":"","ocean_display_footer_widgets":"default","ocean_display_footer_bottom":"default","ocean_custom_footer_template":"0","footnotes":""},"class_list":["post-39","page","type-page","status-publish","has-post-thumbnail","hentry","entry","has-media"],"yoast_head":"<!-- This site is optimized with the Yoast SEO plugin v22.6 - https:\/\/yoast.com\/wordpress\/plugins\/seo\/ -->\n<title>CARSTEN ELFERS - Einige Eckdaten zu meiner Person<\/title>\n<meta name=\"description\" content=\"Auf dieser Seite findest du einige Informationen zu mir, Carsten Elfers, zu meinen Interessen, meinen Hobbys und eine grobe Skizze meines Lebenslaufs.\" \/>\n<meta name=\"robots\" content=\"index, follow, max-snippet:-1, max-image-preview:large, max-video-preview:-1\" \/>\n<link rel=\"canonical\" href=\"https:\/\/www.celfers.de\/index.php\/carsten-elfers\/\" \/>\n<meta property=\"og:locale\" content=\"de_DE\" \/>\n<meta property=\"og:type\" content=\"article\" \/>\n<meta property=\"og:title\" content=\"CARSTEN ELFERS - Einige Eckdaten zu meiner Person\" \/>\n<meta property=\"og:description\" content=\"Auf dieser Seite findest du einige Informationen zu mir, Carsten Elfers, zu meinen Interessen, meinen Hobbys und eine grobe Skizze meines Lebenslaufs.\" \/>\n<meta property=\"og:url\" content=\"https:\/\/www.celfers.de\/index.php\/carsten-elfers\/\" \/>\n<meta property=\"og:site_name\" content=\"Carsten Elfers\" \/>\n<meta property=\"article:publisher\" content=\"https:\/\/www.facebook.com\/carsten11ers\/\" \/>\n<meta property=\"article:modified_time\" content=\"2024-05-04T10:00:30+00:00\" \/>\n<meta property=\"og:image\" content=\"https:\/\/www.celfers.de\/wp-content\/uploads\/2020\/06\/foto3.jpg\" \/>\n\t<meta property=\"og:image:width\" content=\"524\" \/>\n\t<meta property=\"og:image:height\" content=\"497\" \/>\n\t<meta property=\"og:image:type\" content=\"image\/jpeg\" \/>\n<meta name=\"twitter:card\" content=\"summary_large_image\" \/>\n<meta name=\"twitter:site\" content=\"@CarstenElfers\" \/>\n<meta name=\"twitter:label1\" content=\"Gesch\u00e4tzte Lesezeit\" \/>\n\t<meta name=\"twitter:data1\" content=\"3\u00a0Minuten\" \/>\n<script type=\"application\/ld+json\" class=\"yoast-schema-graph\">{\"@context\":\"https:\/\/schema.org\",\"@graph\":[{\"@type\":\"WebPage\",\"@id\":\"https:\/\/www.celfers.de\/index.php\/carsten-elfers\/\",\"url\":\"https:\/\/www.celfers.de\/index.php\/carsten-elfers\/\",\"name\":\"CARSTEN ELFERS - Einige Eckdaten zu meiner Person\",\"isPartOf\":{\"@id\":\"https:\/\/www.celfers.de\/#website\"},\"primaryImageOfPage\":{\"@id\":\"https:\/\/www.celfers.de\/index.php\/carsten-elfers\/#primaryimage\"},\"image\":{\"@id\":\"https:\/\/www.celfers.de\/index.php\/carsten-elfers\/#primaryimage\"},\"thumbnailUrl\":\"https:\/\/www.celfers.de\/wp-content\/uploads\/2020\/06\/foto3.jpg\",\"datePublished\":\"2020-06-27T14:00:28+00:00\",\"dateModified\":\"2024-05-04T10:00:30+00:00\",\"description\":\"Auf dieser Seite findest du einige Informationen zu mir, Carsten Elfers, zu meinen Interessen, meinen Hobbys und eine grobe Skizze meines Lebenslaufs.\",\"breadcrumb\":{\"@id\":\"https:\/\/www.celfers.de\/index.php\/carsten-elfers\/#breadcrumb\"},\"inLanguage\":\"de\",\"potentialAction\":[{\"@type\":\"ReadAction\",\"target\":[\"https:\/\/www.celfers.de\/index.php\/carsten-elfers\/\"]}]},{\"@type\":\"ImageObject\",\"inLanguage\":\"de\",\"@id\":\"https:\/\/www.celfers.de\/index.php\/carsten-elfers\/#primaryimage\",\"url\":\"https:\/\/www.celfers.de\/wp-content\/uploads\/2020\/06\/foto3.jpg\",\"contentUrl\":\"https:\/\/www.celfers.de\/wp-content\/uploads\/2020\/06\/foto3.jpg\",\"width\":524,\"height\":497,\"caption\":\"Dr. Carsten Elfers\"},{\"@type\":\"BreadcrumbList\",\"@id\":\"https:\/\/www.celfers.de\/index.php\/carsten-elfers\/#breadcrumb\",\"itemListElement\":[{\"@type\":\"ListItem\",\"position\":1,\"name\":\"Startseite\",\"item\":\"https:\/\/www.celfers.de\/\"},{\"@type\":\"ListItem\",\"position\":2,\"name\":\"CARSTEN ELFERS\"}]},{\"@type\":\"WebSite\",\"@id\":\"https:\/\/www.celfers.de\/#website\",\"url\":\"https:\/\/www.celfers.de\/\",\"name\":\"Carsten Elfers\",\"description\":\"\",\"publisher\":{\"@id\":\"https:\/\/www.celfers.de\/#\/schema\/person\/b405aa2db3fdcd10a597d8646bd692b6\"},\"potentialAction\":[{\"@type\":\"SearchAction\",\"target\":{\"@type\":\"EntryPoint\",\"urlTemplate\":\"https:\/\/www.celfers.de\/?s={search_term_string}\"},\"query-input\":\"required name=search_term_string\"}],\"inLanguage\":\"de\"},{\"@type\":[\"Person\",\"Organization\"],\"@id\":\"https:\/\/www.celfers.de\/#\/schema\/person\/b405aa2db3fdcd10a597d8646bd692b6\",\"name\":\"Carsten Elfers\",\"image\":{\"@type\":\"ImageObject\",\"inLanguage\":\"de\",\"@id\":\"https:\/\/www.celfers.de\/#\/schema\/person\/image\/\",\"url\":\"https:\/\/www.celfers.de\/wp-content\/uploads\/2020\/06\/foto3.jpg\",\"contentUrl\":\"https:\/\/www.celfers.de\/wp-content\/uploads\/2020\/06\/foto3.jpg\",\"width\":524,\"height\":497,\"caption\":\"Carsten Elfers\"},\"logo\":{\"@id\":\"https:\/\/www.celfers.de\/#\/schema\/person\/image\/\"},\"sameAs\":[\"http:\/\/www.celfers.de\",\"https:\/\/www.facebook.com\/carsten11ers\/\",\"https:\/\/www.instagram.com\/carstenelfers\/\",\"https:\/\/www.pinterest.de\/carstenelfers\/\",\"https:\/\/x.com\/CarstenElfers\"]}]}<\/script>\n<!-- \/ Yoast SEO plugin. -->","yoast_head_json":{"title":"CARSTEN ELFERS - Einige Eckdaten zu meiner Person","description":"Auf dieser Seite findest du einige Informationen zu mir, Carsten Elfers, zu meinen Interessen, meinen Hobbys und eine grobe Skizze meines Lebenslaufs.","robots":{"index":"index","follow":"follow","max-snippet":"max-snippet:-1","max-image-preview":"max-image-preview:large","max-video-preview":"max-video-preview:-1"},"canonical":"https:\/\/www.celfers.de\/index.php\/carsten-elfers\/","og_locale":"de_DE","og_type":"article","og_title":"CARSTEN ELFERS - Einige Eckdaten zu meiner Person","og_description":"Auf dieser Seite findest du einige Informationen zu mir, Carsten Elfers, zu meinen Interessen, meinen Hobbys und eine grobe Skizze meines Lebenslaufs.","og_url":"https:\/\/www.celfers.de\/index.php\/carsten-elfers\/","og_site_name":"Carsten Elfers","article_publisher":"https:\/\/www.facebook.com\/carsten11ers\/","article_modified_time":"2024-05-04T10:00:30+00:00","og_image":[{"width":524,"height":497,"url":"https:\/\/www.celfers.de\/wp-content\/uploads\/2020\/06\/foto3.jpg","type":"image\/jpeg"}],"twitter_card":"summary_large_image","twitter_site":"@CarstenElfers","twitter_misc":{"Gesch\u00e4tzte Lesezeit":"3\u00a0Minuten"},"schema":{"@context":"https:\/\/schema.org","@graph":[{"@type":"WebPage","@id":"https:\/\/www.celfers.de\/index.php\/carsten-elfers\/","url":"https:\/\/www.celfers.de\/index.php\/carsten-elfers\/","name":"CARSTEN ELFERS - Einige Eckdaten zu meiner Person","isPartOf":{"@id":"https:\/\/www.celfers.de\/#website"},"primaryImageOfPage":{"@id":"https:\/\/www.celfers.de\/index.php\/carsten-elfers\/#primaryimage"},"image":{"@id":"https:\/\/www.celfers.de\/index.php\/carsten-elfers\/#primaryimage"},"thumbnailUrl":"https:\/\/www.celfers.de\/wp-content\/uploads\/2020\/06\/foto3.jpg","datePublished":"2020-06-27T14:00:28+00:00","dateModified":"2024-05-04T10:00:30+00:00","description":"Auf dieser Seite findest du einige Informationen zu mir, Carsten Elfers, zu meinen Interessen, meinen Hobbys und eine grobe Skizze meines Lebenslaufs.","breadcrumb":{"@id":"https:\/\/www.celfers.de\/index.php\/carsten-elfers\/#breadcrumb"},"inLanguage":"de","potentialAction":[{"@type":"ReadAction","target":["https:\/\/www.celfers.de\/index.php\/carsten-elfers\/"]}]},{"@type":"ImageObject","inLanguage":"de","@id":"https:\/\/www.celfers.de\/index.php\/carsten-elfers\/#primaryimage","url":"https:\/\/www.celfers.de\/wp-content\/uploads\/2020\/06\/foto3.jpg","contentUrl":"https:\/\/www.celfers.de\/wp-content\/uploads\/2020\/06\/foto3.jpg","width":524,"height":497,"caption":"Dr. Carsten Elfers"},{"@type":"BreadcrumbList","@id":"https:\/\/www.celfers.de\/index.php\/carsten-elfers\/#breadcrumb","itemListElement":[{"@type":"ListItem","position":1,"name":"Startseite","item":"https:\/\/www.celfers.de\/"},{"@type":"ListItem","position":2,"name":"CARSTEN ELFERS"}]},{"@type":"WebSite","@id":"https:\/\/www.celfers.de\/#website","url":"https:\/\/www.celfers.de\/","name":"Carsten Elfers","description":"","publisher":{"@id":"https:\/\/www.celfers.de\/#\/schema\/person\/b405aa2db3fdcd10a597d8646bd692b6"},"potentialAction":[{"@type":"SearchAction","target":{"@type":"EntryPoint","urlTemplate":"https:\/\/www.celfers.de\/?s={search_term_string}"},"query-input":"required name=search_term_string"}],"inLanguage":"de"},{"@type":["Person","Organization"],"@id":"https:\/\/www.celfers.de\/#\/schema\/person\/b405aa2db3fdcd10a597d8646bd692b6","name":"Carsten Elfers","image":{"@type":"ImageObject","inLanguage":"de","@id":"https:\/\/www.celfers.de\/#\/schema\/person\/image\/","url":"https:\/\/www.celfers.de\/wp-content\/uploads\/2020\/06\/foto3.jpg","contentUrl":"https:\/\/www.celfers.de\/wp-content\/uploads\/2020\/06\/foto3.jpg","width":524,"height":497,"caption":"Carsten Elfers"},"logo":{"@id":"https:\/\/www.celfers.de\/#\/schema\/person\/image\/"},"sameAs":["http:\/\/www.celfers.de","https:\/\/www.facebook.com\/carsten11ers\/","https:\/\/www.instagram.com\/carstenelfers\/","https:\/\/www.pinterest.de\/carstenelfers\/","https:\/\/x.com\/CarstenElfers"]}]}},"_links":{"self":[{"href":"https:\/\/www.celfers.de\/index.php\/wp-json\/wp\/v2\/pages\/39","targetHints":{"allow":["GET"]}}],"collection":[{"href":"https:\/\/www.celfers.de\/index.php\/wp-json\/wp\/v2\/pages"}],"about":[{"href":"https:\/\/www.celfers.de\/index.php\/wp-json\/wp\/v2\/types\/page"}],"author":[{"embeddable":true,"href":"https:\/\/www.celfers.de\/index.php\/wp-json\/wp\/v2\/users\/1"}],"replies":[{"embeddable":true,"href":"https:\/\/www.celfers.de\/index.php\/wp-json\/wp\/v2\/comments?post=39"}],"version-history":[{"count":31,"href":"https:\/\/www.celfers.de\/index.php\/wp-json\/wp\/v2\/pages\/39\/revisions"}],"predecessor-version":[{"id":1661,"href":"https:\/\/www.celfers.de\/index.php\/wp-json\/wp\/v2\/pages\/39\/revisions\/1661"}],"wp:featuredmedia":[{"embeddable":true,"href":"https:\/\/www.celfers.de\/index.php\/wp-json\/wp\/v2\/media\/22"}],"wp:attachment":[{"href":"https:\/\/www.celfers.de\/index.php\/wp-json\/wp\/v2\/media?parent=39"}],"curies":[{"name":"wp","href":"https:\/\/api.w.org\/{rel}","templated":true}]}}