{"id":1424,"date":"2022-02-20T12:10:42","date_gmt":"2022-02-20T11:10:42","guid":{"rendered":"https:\/\/www.celfers.de\/?page_id=1424"},"modified":"2022-02-20T12:10:43","modified_gmt":"2022-02-20T11:10:43","slug":"willkommen","status":"publish","type":"page","link":"https:\/\/www.celfers.de\/","title":{"rendered":"WILLKOMMEN"},"content":{"rendered":"\n<p>Herzlich willkommen auf diesem Blog, auf dem ich dir gerne Erfahrungen, Informationen, Impulse und Meinungen rund um verschiedene Themen aus den Bereichen <strong>IT<\/strong>, <strong>Pers\u00f6nlichkeitsentwicklung<\/strong>,<strong> Finanzen und allem, was mich noch so interessiert <\/strong>zur Verf\u00fcgung stellen m\u00f6chte. Es ist mein Ziel, dass du die Artikel dieses Blogs genie\u00dft, Spa\u00df daran hast und wertvolle Erfahrungen und Tipps f\u00fcr dich mitnehmen kannst.<\/p>\n\n\n\n<p>Falls du gleich loslegen m\u00f6chtest, findest du unten die aktuellen Themen aus diesem Blog.<\/p>\n\n\n\n<h2 class=\"wp-block-heading\" id=\"was-kannst-du-hier-erwarten\"><strong>Was kannst du hier erwarten?<\/strong><\/h2>\n\n\n\n<p>Eigentlich komme ich aus der IT-Branche und interessiere mich brennend f\u00fcr Softwareentwicklung. Dies soll aber nicht das dominierende Thema dieses Blogs werden. Viel mehr m\u00f6chte ich dir hier ganz verschiedene Themen pr\u00e4sentieren aus v\u00f6llig unterschiedlichen Bereichen. Such dir doch einfach das raus, was dir am meisten Spa\u00df macht und wof\u00fcr du dich am meisten interessierst.<\/p>\n\n\n\n<h2 class=\"wp-block-heading\" id=\"was-kannst-du-nicht-erwarten\"><strong>Was kannst du nicht erwarten?<\/strong><\/h2>\n\n\n\n<p>Ich werde keine Software f\u00fcr dich entwickeln, es wird keine Anlageberatung von mir geben, ich werde keine Coachings anbieten. Dir werden keine Finanzprodukte aufgeschwatzt und es wird auch nicht versucht, dich f\u00fcr irgendwelche Networkmarketing-Sachen einzuspannen. Es wird hier lediglich wertvolle Tipps und Informationen f\u00fcr dich geben. Ich hoffe, du wirst einen hohen Nutzen daraus ziehen. Denke auch immer daran, dass alles, was du hier findest, meine pers\u00f6nliche Meinung ist und nicht auf dich zutreffen muss. Hinterfrage also alles kritisch, was du hier siehst und mach dir dein eigenes Bild! Falls dich bestimmte Themen interessieren oder du mir Feedback geben m\u00f6chtest, kannst du mich gerne \u00fcber Facebook erreichen.<\/p>\n\n\n\n<p>Nun aber viel Spa\u00df auf diesem Blog. Schau dich doch oben im Men\u00fc in den Kategorien um, die dich interessieren oder starte einfach mit den aktuellen Artikeln. <\/p>\n\n\n\n<p>Viel Spa\u00df,<\/p>\n\n\n\n<div class=\"wp-block-image\"><figure class=\"alignleft size-large is-resized\"><img decoding=\"async\" src=\"https:\/\/www.celfers.de\/wp-content\/uploads\/2020\/07\/vorname-3.png\" alt=\"Carsten Elfers\" class=\"wp-image-370\" width=\"120\" height=\"31\"\/><\/figure><\/div>\n\n\n\n<p><\/p>\n\n\n\n<p><\/p>\n\n\n\n<div style=\"height:100px\" aria-hidden=\"true\" class=\"wp-block-spacer\"><\/div>\n\n\n\n<div class=\"wp-block-query is-layout-flow wp-block-query-is-layout-flow\"><ul class=\"wp-block-post-template is-layout-flow wp-block-post-template-is-layout-flow\"><li class=\"wp-block-post post-1654 post type-post status-publish format-standard has-post-thumbnail hentry category-finanzielle-bildung tag-assetallokation tag-rebalancing entry has-media\">\n\n<div class=\"wp-block-columns alignwide is-layout-flex wp-container-core-columns-is-layout-9d6595d7 wp-block-columns-is-layout-flex\">\n<div class=\"wp-block-column is-layout-flow wp-block-column-is-layout-flow\" style=\"flex-basis:66.66%\"><figure class=\"wp-block-post-featured-image\"><a href=\"https:\/\/www.celfers.de\/index.php\/2023\/12\/02\/jahresende-rebalancing-zeit\/\" target=\"_self\"  ><img fetchpriority=\"high\" decoding=\"async\" width=\"1422\" height=\"741\" src=\"https:\/\/www.celfers.de\/wp-content\/uploads\/2023\/12\/yinYang.png\" class=\"attachment-post-thumbnail size-post-thumbnail wp-post-image\" alt=\"Jahresende, Rebalancing-Zeit\" style=\"object-fit:cover;\" srcset=\"https:\/\/www.celfers.de\/wp-content\/uploads\/2023\/12\/yinYang.png 1422w, https:\/\/www.celfers.de\/wp-content\/uploads\/2023\/12\/yinYang-300x156.png 300w, https:\/\/www.celfers.de\/wp-content\/uploads\/2023\/12\/yinYang-1024x534.png 1024w, https:\/\/www.celfers.de\/wp-content\/uploads\/2023\/12\/yinYang-768x400.png 768w\" sizes=\"(max-width: 1422px) 100vw, 1422px\" \/><\/a><\/figure><\/div>\n\n\n\n<div class=\"wp-block-column is-layout-flow wp-block-column-is-layout-flow\" style=\"flex-basis:33.33%\"><h2 class=\"wp-block-post-title\"><a href=\"https:\/\/www.celfers.de\/index.php\/2023\/12\/02\/jahresende-rebalancing-zeit\/\" target=\"_self\" >Jahresende, Rebalancing-Zeit<\/a><\/h2>\n\n<div class=\"wp-block-post-excerpt\"><p class=\"wp-block-post-excerpt__excerpt\">Das Jahr n\u00e4hert sich dem Ende und es ist mal wieder Zeit, seine Portfolioaufstellung zu \u00fcberpr\u00fcfen. Dabei stellen sich jedes Jahr einige Fragen: Welche Bereiche sind gut gelaufen, welche nicht, wo sollte man aufstocken, welche Positionen sollte man abbauen, passt das Risiko im Portfolio noch zu mir und meiner urspr\u00fcnglichen Strategie? Bei mir sieht es&hellip; <\/p><\/div><\/div>\n<\/div>\n\n<\/li><li class=\"wp-block-post post-1647 post type-post status-publish format-standard has-post-thumbnail hentry category-bremen-und-umgebung tag-harz tag-urlaub entry has-media\">\n\n<div class=\"wp-block-columns alignwide is-layout-flex wp-container-core-columns-is-layout-9d6595d7 wp-block-columns-is-layout-flex\">\n<div class=\"wp-block-column is-layout-flow wp-block-column-is-layout-flow\" style=\"flex-basis:66.66%\"><figure class=\"wp-block-post-featured-image\"><a href=\"https:\/\/www.celfers.de\/index.php\/2023\/11\/04\/der-harz\/\" target=\"_self\"  ><img decoding=\"async\" width=\"1422\" height=\"741\" src=\"https:\/\/www.celfers.de\/wp-content\/uploads\/2023\/10\/harz.jpg\" class=\"attachment-post-thumbnail size-post-thumbnail wp-post-image\" alt=\"Der Harz\" style=\"object-fit:cover;\" srcset=\"https:\/\/www.celfers.de\/wp-content\/uploads\/2023\/10\/harz.jpg 1422w, https:\/\/www.celfers.de\/wp-content\/uploads\/2023\/10\/harz-300x156.jpg 300w, https:\/\/www.celfers.de\/wp-content\/uploads\/2023\/10\/harz-1024x534.jpg 1024w, https:\/\/www.celfers.de\/wp-content\/uploads\/2023\/10\/harz-768x400.jpg 768w\" sizes=\"(max-width: 1422px) 100vw, 1422px\" \/><\/a><\/figure><\/div>\n\n\n\n<div class=\"wp-block-column is-layout-flow wp-block-column-is-layout-flow\" style=\"flex-basis:33.33%\"><h2 class=\"wp-block-post-title\"><a href=\"https:\/\/www.celfers.de\/index.php\/2023\/11\/04\/der-harz\/\" target=\"_self\" >Der Harz<\/a><\/h2>\n\n<div class=\"wp-block-post-excerpt\"><p class=\"wp-block-post-excerpt__excerpt\">Nach gerade einmal zwei bis drei Stunden Autofahrt von Bremen aus kommt in den Harz. Ein perfekter Ort, um mal einige Wandertouren zu unternehmen. Genau das haben wir auch eine Woche lang gemacht. Es gibt unz\u00e4hlige sch\u00f6ne Ausflugsm\u00f6glichkeiten dort. Ein kleiner Tipp ist die Harzer Wandernadel. An 222 Stempelstellen an wundersch\u00f6nen Orten im Harz kann&hellip; <\/p><\/div><\/div>\n<\/div>\n\n<\/li><li class=\"wp-block-post post-1632 post type-post status-publish format-standard has-post-thumbnail hentry category-finanzielle-bildung tag-zinsstruktur entry has-media\">\n\n<div class=\"wp-block-columns alignwide is-layout-flex wp-container-core-columns-is-layout-9d6595d7 wp-block-columns-is-layout-flex\">\n<div class=\"wp-block-column is-layout-flow wp-block-column-is-layout-flow\" style=\"flex-basis:66.66%\"><figure class=\"wp-block-post-featured-image\"><a href=\"https:\/\/www.celfers.de\/index.php\/2023\/10\/07\/die-zinsstrukturkurve-der-europaeischen-zentralbank\/\" target=\"_self\"  ><img loading=\"lazy\" decoding=\"async\" width=\"1422\" height=\"741\" src=\"https:\/\/www.celfers.de\/wp-content\/uploads\/2023\/10\/zinsstrukturKurve.png\" class=\"attachment-post-thumbnail size-post-thumbnail wp-post-image\" alt=\"Die Zinsstrukturkurve der Europ\u00e4ischen Zentralbank\" style=\"object-fit:cover;\" srcset=\"https:\/\/www.celfers.de\/wp-content\/uploads\/2023\/10\/zinsstrukturKurve.png 1422w, https:\/\/www.celfers.de\/wp-content\/uploads\/2023\/10\/zinsstrukturKurve-300x156.png 300w, https:\/\/www.celfers.de\/wp-content\/uploads\/2023\/10\/zinsstrukturKurve-1024x534.png 1024w, https:\/\/www.celfers.de\/wp-content\/uploads\/2023\/10\/zinsstrukturKurve-768x400.png 768w\" sizes=\"(max-width: 1422px) 100vw, 1422px\" \/><\/a><\/figure><\/div>\n\n\n\n<div class=\"wp-block-column is-layout-flow wp-block-column-is-layout-flow\" style=\"flex-basis:33.33%\"><h2 class=\"wp-block-post-title\"><a href=\"https:\/\/www.celfers.de\/index.php\/2023\/10\/07\/die-zinsstrukturkurve-der-europaeischen-zentralbank\/\" target=\"_self\" >Die Zinsstrukturkurve der Europ\u00e4ischen Zentralbank<\/a><\/h2>\n\n<div class=\"wp-block-post-excerpt\"><p class=\"wp-block-post-excerpt__excerpt\">Falls du mit dem Gedanken spielst, in europ\u00e4ische Anleihen oder Anleihen ETFs zu investieren, dann wirst du dich auch sicherlich f\u00fcr die Zinsstrukturkurve der Europ\u00e4ischen Zentralbank (EZB) interessieren. Warum? Weil diese ein wichtiger Indikator zur Bewertung der europ\u00e4ischen Anleihenkurse ist. Grob gesagt, gibt die Zinsstrukturkurve an, mit welcher Verzinsung man bei unterschiedlichen Laufzeiten einer Anleihe&hellip; <\/p><\/div><\/div>\n<\/div>\n\n<\/li><li class=\"wp-block-post post-1625 post type-post status-publish format-standard has-post-thumbnail hentry category-bremen-und-umgebung tag-festival entry has-media\">\n\n<div class=\"wp-block-columns alignwide is-layout-flex wp-container-core-columns-is-layout-9d6595d7 wp-block-columns-is-layout-flex\">\n<div class=\"wp-block-column is-layout-flow wp-block-column-is-layout-flow\" style=\"flex-basis:66.66%\"><figure class=\"wp-block-post-featured-image\"><a href=\"https:\/\/www.celfers.de\/index.php\/2023\/09\/02\/burning-q-festival\/\" target=\"_self\"  ><img loading=\"lazy\" decoding=\"async\" width=\"1422\" height=\"741\" src=\"https:\/\/www.celfers.de\/wp-content\/uploads\/2023\/07\/BurningQ.jpg\" class=\"attachment-post-thumbnail size-post-thumbnail wp-post-image\" alt=\"Burning Q Festival\" style=\"object-fit:cover;\" srcset=\"https:\/\/www.celfers.de\/wp-content\/uploads\/2023\/07\/BurningQ.jpg 1422w, https:\/\/www.celfers.de\/wp-content\/uploads\/2023\/07\/BurningQ-300x156.jpg 300w, https:\/\/www.celfers.de\/wp-content\/uploads\/2023\/07\/BurningQ-1024x534.jpg 1024w, https:\/\/www.celfers.de\/wp-content\/uploads\/2023\/07\/BurningQ-768x400.jpg 768w\" sizes=\"(max-width: 1422px) 100vw, 1422px\" \/><\/a><\/figure><\/div>\n\n\n\n<div class=\"wp-block-column is-layout-flow wp-block-column-is-layout-flow\" style=\"flex-basis:33.33%\"><h2 class=\"wp-block-post-title\"><a href=\"https:\/\/www.celfers.de\/index.php\/2023\/09\/02\/burning-q-festival\/\" target=\"_self\" >Burning Q Festival<\/a><\/h2>\n\n<div class=\"wp-block-post-excerpt\"><p class=\"wp-block-post-excerpt__excerpt\">Anfahrt: Heimelberg 16, 27711 Osterholz-Scharmbeck Ausflugsart: Auto Besucht im Juli 2023 Wer auf laute Musik steht, findet ganz in der N\u00e4he von Bremen ein wunderbares Festival namens Burning Q. Das Festival ist wirklich \u00fcberschaubar und gerade mal 999 Tickets werden jedes Jahr daf\u00fcr verkauft. Direkt angrenzend befindet sich das Vereinsheim des hiesigen Fu\u00dfballvereins. Dort findet&hellip; <\/p><\/div><\/div>\n<\/div>\n\n<\/li><li class=\"wp-block-post post-1615 post type-post status-publish format-standard has-post-thumbnail hentry category-finanzielle-bildung tag-kosten-sparen tag-wasser entry has-media\">\n\n<div class=\"wp-block-columns alignwide is-layout-flex wp-container-core-columns-is-layout-9d6595d7 wp-block-columns-is-layout-flex\">\n<div class=\"wp-block-column is-layout-flow wp-block-column-is-layout-flow\" style=\"flex-basis:66.66%\"><figure class=\"wp-block-post-featured-image\"><a href=\"https:\/\/www.celfers.de\/index.php\/2023\/08\/05\/stadtwasser-oder-brunnenwasser\/\" target=\"_self\"  ><img loading=\"lazy\" decoding=\"async\" width=\"1422\" height=\"741\" src=\"https:\/\/www.celfers.de\/wp-content\/uploads\/2023\/06\/stadtwasser.jpg\" class=\"attachment-post-thumbnail size-post-thumbnail wp-post-image\" alt=\"Stadtwasser oder Brunnenwasser\" style=\"object-fit:cover;\" srcset=\"https:\/\/www.celfers.de\/wp-content\/uploads\/2023\/06\/stadtwasser.jpg 1422w, https:\/\/www.celfers.de\/wp-content\/uploads\/2023\/06\/stadtwasser-300x156.jpg 300w, https:\/\/www.celfers.de\/wp-content\/uploads\/2023\/06\/stadtwasser-1024x534.jpg 1024w, https:\/\/www.celfers.de\/wp-content\/uploads\/2023\/06\/stadtwasser-768x400.jpg 768w\" sizes=\"(max-width: 1422px) 100vw, 1422px\" \/><\/a><\/figure><\/div>\n\n\n\n<div class=\"wp-block-column is-layout-flow wp-block-column-is-layout-flow\" style=\"flex-basis:33.33%\"><h2 class=\"wp-block-post-title\"><a href=\"https:\/\/www.celfers.de\/index.php\/2023\/08\/05\/stadtwasser-oder-brunnenwasser\/\" target=\"_self\" >Stadtwasser oder Brunnenwasser<\/a><\/h2>\n\n<div class=\"wp-block-post-excerpt\"><p class=\"wp-block-post-excerpt__excerpt\">In den warmen Sommermonaten m\u00f6chte man ggf. mal seinen Rasen bew\u00e4ssern. Falls man im gl\u00fccklichen Besitz einer Wasserpumpe ist und einen Brunnenanschluss hat, stellt sich nat\u00fcrlich die Frage, was ist eigentlich g\u00fcnstiger? Die Strompreise sind k\u00fcrzlich nach oben geklettert, aber ist das ein Grund, nicht mehr die Wasserpumpe zu nutzen? Ich habe das ganze mal&hellip; <\/p><\/div><\/div>\n<\/div>\n\n<\/li><\/ul><\/div>\n","protected":false},"excerpt":{"rendered":"<p>Herzlich willkommen auf diesem Blog, auf dem ich dir gerne Erfahrungen, Informationen, Impulse und Meinungen rund um verschiedene Themen aus den Bereichen IT, Pers\u00f6nlichkeitsentwicklung, Finanzen und allem, was mich noch so interessiert zur Verf\u00fcgung stellen m\u00f6chte. Es ist mein Ziel, dass du die Artikel dieses Blogs genie\u00dft, Spa\u00df daran hast und wertvolle Erfahrungen und Tipps [&hellip;]<\/p>\n","protected":false},"author":1,"featured_media":0,"parent":0,"menu_order":0,"comment_status":"closed","ping_status":"closed","template":"","meta":{"ocean_post_layout":"","ocean_both_sidebars_style":"","ocean_both_sidebars_content_width":0,"ocean_both_sidebars_sidebars_width":0,"ocean_sidebar":"0","ocean_second_sidebar":"0","ocean_disable_margins":"enable","ocean_add_body_class":"","ocean_shortcode_before_top_bar":"","ocean_shortcode_after_top_bar":"","ocean_shortcode_before_header":"","ocean_shortcode_after_header":"","ocean_has_shortcode":"","ocean_shortcode_after_title":"","ocean_shortcode_before_footer_widgets":"","ocean_shortcode_after_footer_widgets":"","ocean_shortcode_before_footer_bottom":"","ocean_shortcode_after_footer_bottom":"","ocean_display_top_bar":"default","ocean_display_header":"default","ocean_header_style":"","ocean_center_header_left_menu":"0","ocean_custom_header_template":"0","ocean_custom_logo":0,"ocean_custom_retina_logo":0,"ocean_custom_logo_max_width":0,"ocean_custom_logo_tablet_max_width":0,"ocean_custom_logo_mobile_max_width":0,"ocean_custom_logo_max_height":0,"ocean_custom_logo_tablet_max_height":0,"ocean_custom_logo_mobile_max_height":0,"ocean_header_custom_menu":"0","ocean_menu_typo_font_family":"0","ocean_menu_typo_font_subset":"","ocean_menu_typo_font_size":0,"ocean_menu_typo_font_size_tablet":0,"ocean_menu_typo_font_size_mobile":0,"ocean_menu_typo_font_size_unit":"px","ocean_menu_typo_font_weight":"","ocean_menu_typo_font_weight_tablet":"","ocean_menu_typo_font_weight_mobile":"","ocean_menu_typo_transform":"","ocean_menu_typo_transform_tablet":"","ocean_menu_typo_transform_mobile":"","ocean_menu_typo_line_height":0,"ocean_menu_typo_line_height_tablet":0,"ocean_menu_typo_line_height_mobile":0,"ocean_menu_typo_line_height_unit":"","ocean_menu_typo_spacing":0,"ocean_menu_typo_spacing_tablet":0,"ocean_menu_typo_spacing_mobile":0,"ocean_menu_typo_spacing_unit":"","ocean_menu_link_color":"","ocean_menu_link_color_hover":"","ocean_menu_link_color_active":"","ocean_menu_link_background":"","ocean_menu_link_hover_background":"","ocean_menu_link_active_background":"","ocean_menu_social_links_bg":"","ocean_menu_social_hover_links_bg":"","ocean_menu_social_links_color":"","ocean_menu_social_hover_links_color":"","ocean_disable_title":"default","ocean_disable_heading":"default","ocean_post_title":"","ocean_post_subheading":"","ocean_post_title_style":"","ocean_post_title_background_color":"","ocean_post_title_background":0,"ocean_post_title_bg_image_position":"","ocean_post_title_bg_image_attachment":"","ocean_post_title_bg_image_repeat":"","ocean_post_title_bg_image_size":"","ocean_post_title_height":0,"ocean_post_title_bg_overlay":0.5,"ocean_post_title_bg_overlay_color":"","ocean_disable_breadcrumbs":"default","ocean_breadcrumbs_color":"","ocean_breadcrumbs_separator_color":"","ocean_breadcrumbs_links_color":"","ocean_breadcrumbs_links_hover_color":"","ocean_display_footer_widgets":"default","ocean_display_footer_bottom":"default","ocean_custom_footer_template":"0","footnotes":""},"class_list":["post-1424","page","type-page","status-publish","hentry","entry"],"yoast_head":"<!-- This site is optimized with the Yoast SEO plugin v22.6 - https:\/\/yoast.com\/wordpress\/plugins\/seo\/ -->\n<title>WILLKOMMEN - Carsten Elfers<\/title>\n<meta name=\"robots\" content=\"index, follow, max-snippet:-1, max-image-preview:large, max-video-preview:-1\" \/>\n<link rel=\"canonical\" href=\"https:\/\/www.celfers.de\/\" \/>\n<meta property=\"og:locale\" content=\"de_DE\" \/>\n<meta property=\"og:type\" content=\"article\" \/>\n<meta property=\"og:title\" content=\"WILLKOMMEN - Carsten Elfers\" \/>\n<meta property=\"og:description\" content=\"Herzlich willkommen auf diesem Blog, auf dem ich dir gerne Erfahrungen, Informationen, Impulse und Meinungen rund um verschiedene Themen aus den Bereichen IT, Pers\u00f6nlichkeitsentwicklung, Finanzen und allem, was mich noch so interessiert zur Verf\u00fcgung stellen m\u00f6chte. Es ist mein Ziel, dass du die Artikel dieses Blogs genie\u00dft, Spa\u00df daran hast und wertvolle Erfahrungen und Tipps [&hellip;]\" \/>\n<meta property=\"og:url\" content=\"https:\/\/www.celfers.de\/\" \/>\n<meta property=\"og:site_name\" content=\"Carsten Elfers\" \/>\n<meta property=\"article:publisher\" content=\"https:\/\/www.facebook.com\/carsten11ers\/\" \/>\n<meta property=\"article:modified_time\" content=\"2022-02-20T11:10:43+00:00\" \/>\n<meta property=\"og:image\" content=\"https:\/\/www.celfers.de\/wp-content\/uploads\/2020\/07\/vorname-3.png\" \/>\n<meta name=\"twitter:card\" content=\"summary_large_image\" \/>\n<meta name=\"twitter:site\" content=\"@CarstenElfers\" \/>\n<meta name=\"twitter:label1\" content=\"Gesch\u00e4tzte Lesezeit\" \/>\n\t<meta name=\"twitter:data1\" content=\"2\u00a0Minuten\" \/>\n<script type=\"application\/ld+json\" class=\"yoast-schema-graph\">{\"@context\":\"https:\/\/schema.org\",\"@graph\":[{\"@type\":\"WebPage\",\"@id\":\"https:\/\/www.celfers.de\/\",\"url\":\"https:\/\/www.celfers.de\/\",\"name\":\"WILLKOMMEN - Carsten Elfers\",\"isPartOf\":{\"@id\":\"https:\/\/www.celfers.de\/#website\"},\"primaryImageOfPage\":{\"@id\":\"https:\/\/www.celfers.de\/#primaryimage\"},\"image\":{\"@id\":\"https:\/\/www.celfers.de\/#primaryimage\"},\"thumbnailUrl\":\"https:\/\/www.celfers.de\/wp-content\/uploads\/2020\/07\/vorname-3.png\",\"datePublished\":\"2022-02-20T11:10:42+00:00\",\"dateModified\":\"2022-02-20T11:10:43+00:00\",\"breadcrumb\":{\"@id\":\"https:\/\/www.celfers.de\/#breadcrumb\"},\"inLanguage\":\"de\",\"potentialAction\":[{\"@type\":\"ReadAction\",\"target\":[\"https:\/\/www.celfers.de\/\"]}]},{\"@type\":\"ImageObject\",\"inLanguage\":\"de\",\"@id\":\"https:\/\/www.celfers.de\/#primaryimage\",\"url\":\"https:\/\/www.celfers.de\/wp-content\/uploads\/2020\/07\/vorname-3.png\",\"contentUrl\":\"https:\/\/www.celfers.de\/wp-content\/uploads\/2020\/07\/vorname-3.png\",\"width\":120,\"height\":31,\"caption\":\"Carsten Elfers\"},{\"@type\":\"BreadcrumbList\",\"@id\":\"https:\/\/www.celfers.de\/#breadcrumb\",\"itemListElement\":[{\"@type\":\"ListItem\",\"position\":1,\"name\":\"Startseite\",\"item\":\"https:\/\/www.celfers.de\/\"},{\"@type\":\"ListItem\",\"position\":2,\"name\":\"WILLKOMMEN\"}]},{\"@type\":\"WebSite\",\"@id\":\"https:\/\/www.celfers.de\/#website\",\"url\":\"https:\/\/www.celfers.de\/\",\"name\":\"Carsten Elfers\",\"description\":\"\",\"publisher\":{\"@id\":\"https:\/\/www.celfers.de\/#\/schema\/person\/b405aa2db3fdcd10a597d8646bd692b6\"},\"potentialAction\":[{\"@type\":\"SearchAction\",\"target\":{\"@type\":\"EntryPoint\",\"urlTemplate\":\"https:\/\/www.celfers.de\/?s={search_term_string}\"},\"query-input\":\"required name=search_term_string\"}],\"inLanguage\":\"de\"},{\"@type\":[\"Person\",\"Organization\"],\"@id\":\"https:\/\/www.celfers.de\/#\/schema\/person\/b405aa2db3fdcd10a597d8646bd692b6\",\"name\":\"Carsten Elfers\",\"image\":{\"@type\":\"ImageObject\",\"inLanguage\":\"de\",\"@id\":\"https:\/\/www.celfers.de\/#\/schema\/person\/image\/\",\"url\":\"https:\/\/www.celfers.de\/wp-content\/uploads\/2020\/06\/foto3.jpg\",\"contentUrl\":\"https:\/\/www.celfers.de\/wp-content\/uploads\/2020\/06\/foto3.jpg\",\"width\":524,\"height\":497,\"caption\":\"Carsten Elfers\"},\"logo\":{\"@id\":\"https:\/\/www.celfers.de\/#\/schema\/person\/image\/\"},\"sameAs\":[\"http:\/\/www.celfers.de\",\"https:\/\/www.facebook.com\/carsten11ers\/\",\"https:\/\/www.instagram.com\/carstenelfers\/\",\"https:\/\/www.pinterest.de\/carstenelfers\/\",\"https:\/\/x.com\/CarstenElfers\"]}]}<\/script>\n<!-- \/ Yoast SEO plugin. -->","yoast_head_json":{"title":"WILLKOMMEN - Carsten Elfers","robots":{"index":"index","follow":"follow","max-snippet":"max-snippet:-1","max-image-preview":"max-image-preview:large","max-video-preview":"max-video-preview:-1"},"canonical":"https:\/\/www.celfers.de\/","og_locale":"de_DE","og_type":"article","og_title":"WILLKOMMEN - Carsten Elfers","og_description":"Herzlich willkommen auf diesem Blog, auf dem ich dir gerne Erfahrungen, Informationen, Impulse und Meinungen rund um verschiedene Themen aus den Bereichen IT, Pers\u00f6nlichkeitsentwicklung, Finanzen und allem, was mich noch so interessiert zur Verf\u00fcgung stellen m\u00f6chte. Es ist mein Ziel, dass du die Artikel dieses Blogs genie\u00dft, Spa\u00df daran hast und wertvolle Erfahrungen und Tipps [&hellip;]","og_url":"https:\/\/www.celfers.de\/","og_site_name":"Carsten Elfers","article_publisher":"https:\/\/www.facebook.com\/carsten11ers\/","article_modified_time":"2022-02-20T11:10:43+00:00","og_image":[{"url":"https:\/\/www.celfers.de\/wp-content\/uploads\/2020\/07\/vorname-3.png"}],"twitter_card":"summary_large_image","twitter_site":"@CarstenElfers","twitter_misc":{"Gesch\u00e4tzte Lesezeit":"2\u00a0Minuten"},"schema":{"@context":"https:\/\/schema.org","@graph":[{"@type":"WebPage","@id":"https:\/\/www.celfers.de\/","url":"https:\/\/www.celfers.de\/","name":"WILLKOMMEN - Carsten Elfers","isPartOf":{"@id":"https:\/\/www.celfers.de\/#website"},"primaryImageOfPage":{"@id":"https:\/\/www.celfers.de\/#primaryimage"},"image":{"@id":"https:\/\/www.celfers.de\/#primaryimage"},"thumbnailUrl":"https:\/\/www.celfers.de\/wp-content\/uploads\/2020\/07\/vorname-3.png","datePublished":"2022-02-20T11:10:42+00:00","dateModified":"2022-02-20T11:10:43+00:00","breadcrumb":{"@id":"https:\/\/www.celfers.de\/#breadcrumb"},"inLanguage":"de","potentialAction":[{"@type":"ReadAction","target":["https:\/\/www.celfers.de\/"]}]},{"@type":"ImageObject","inLanguage":"de","@id":"https:\/\/www.celfers.de\/#primaryimage","url":"https:\/\/www.celfers.de\/wp-content\/uploads\/2020\/07\/vorname-3.png","contentUrl":"https:\/\/www.celfers.de\/wp-content\/uploads\/2020\/07\/vorname-3.png","width":120,"height":31,"caption":"Carsten Elfers"},{"@type":"BreadcrumbList","@id":"https:\/\/www.celfers.de\/#breadcrumb","itemListElement":[{"@type":"ListItem","position":1,"name":"Startseite","item":"https:\/\/www.celfers.de\/"},{"@type":"ListItem","position":2,"name":"WILLKOMMEN"}]},{"@type":"WebSite","@id":"https:\/\/www.celfers.de\/#website","url":"https:\/\/www.celfers.de\/","name":"Carsten Elfers","description":"","publisher":{"@id":"https:\/\/www.celfers.de\/#\/schema\/person\/b405aa2db3fdcd10a597d8646bd692b6"},"potentialAction":[{"@type":"SearchAction","target":{"@type":"EntryPoint","urlTemplate":"https:\/\/www.celfers.de\/?s={search_term_string}"},"query-input":"required name=search_term_string"}],"inLanguage":"de"},{"@type":["Person","Organization"],"@id":"https:\/\/www.celfers.de\/#\/schema\/person\/b405aa2db3fdcd10a597d8646bd692b6","name":"Carsten Elfers","image":{"@type":"ImageObject","inLanguage":"de","@id":"https:\/\/www.celfers.de\/#\/schema\/person\/image\/","url":"https:\/\/www.celfers.de\/wp-content\/uploads\/2020\/06\/foto3.jpg","contentUrl":"https:\/\/www.celfers.de\/wp-content\/uploads\/2020\/06\/foto3.jpg","width":524,"height":497,"caption":"Carsten Elfers"},"logo":{"@id":"https:\/\/www.celfers.de\/#\/schema\/person\/image\/"},"sameAs":["http:\/\/www.celfers.de","https:\/\/www.facebook.com\/carsten11ers\/","https:\/\/www.instagram.com\/carstenelfers\/","https:\/\/www.pinterest.de\/carstenelfers\/","https:\/\/x.com\/CarstenElfers"]}]}},"_links":{"self":[{"href":"https:\/\/www.celfers.de\/index.php\/wp-json\/wp\/v2\/pages\/1424","targetHints":{"allow":["GET"]}}],"collection":[{"href":"https:\/\/www.celfers.de\/index.php\/wp-json\/wp\/v2\/pages"}],"about":[{"href":"https:\/\/www.celfers.de\/index.php\/wp-json\/wp\/v2\/types\/page"}],"author":[{"embeddable":true,"href":"https:\/\/www.celfers.de\/index.php\/wp-json\/wp\/v2\/users\/1"}],"replies":[{"embeddable":true,"href":"https:\/\/www.celfers.de\/index.php\/wp-json\/wp\/v2\/comments?post=1424"}],"version-history":[{"count":10,"href":"https:\/\/www.celfers.de\/index.php\/wp-json\/wp\/v2\/pages\/1424\/revisions"}],"predecessor-version":[{"id":1434,"href":"https:\/\/www.celfers.de\/index.php\/wp-json\/wp\/v2\/pages\/1424\/revisions\/1434"}],"wp:attachment":[{"href":"https:\/\/www.celfers.de\/index.php\/wp-json\/wp\/v2\/media?parent=1424"}],"curies":[{"name":"wp","href":"https:\/\/api.w.org\/{rel}","templated":true}]}}